{"id":40,"date":"2024-06-03T12:46:48","date_gmt":"2024-06-03T12:46:48","guid":{"rendered":"https:\/\/twinkletheme.com\/themeforest\/wp\/elementor\/bixola\/?page_id=40"},"modified":"2024-11-27T17:46:34","modified_gmt":"2024-11-27T17:46:34","slug":"contact","status":"publish","type":"page","link":"https:\/\/www.cisandco.be\/en\/contact\/","title":{"rendered":"Contact"},"content":{"rendered":"<div data-elementor-type=\"wp-page\" data-elementor-id=\"40\" class=\"elementor elementor-40\" data-elementor-post-type=\"page\">\n\t\t\t\t<div class=\"elementor-element elementor-element-3b8b757 e-flex e-con-boxed e-con e-parent\" data-id=\"3b8b757\" data-element_type=\"container\">\n\t\t\t\t\t<div class=\"e-con-inner\">\n\t\t<div class=\"elementor-element elementor-element-2fde1e1 e-con-full e-flex e-con e-child\" data-id=\"2fde1e1\" data-element_type=\"container\">\n\t\t\t\t<div class=\"elementor-element elementor-element-608d690 elementor-widget elementor-widget-bixola_contact_info\" data-id=\"608d690\" data-element_type=\"widget\" data-widget_type=\"bixola_contact_info.default\">\n\t\t\t\t<div class=\"elementor-widget-container\">\n\t\t\t\r\n            <div class=\"information__single\">\r\n                                    <div class=\"information__icon\">\r\n                        <span aria-hidden=\"true\" class=\"icon-chat-1 bixola-icons\"><\/span>                    <\/div>\r\n                                \r\n                                    <p class=\"information__text\">Live Chat<\/p>\r\n                                                    <p class=\"information__number\">\r\n                        Disponible <br>\n24h\/24 -\n7j\/7                    <\/p>\r\n                                \r\n                <a href=\"https:\/\/www.cisandco.be\/en\/contact\/\" target=\"_self\" rel=\"nofollow\" class=\"bixola-el-button information__btn\">\r\n                    <span class=\"icon-right-arrow1\"><\/span>\r\n                <\/a>\r\n                \r\n            <\/div>\r\n\r\n        \t\t<\/div>\n\t\t\t\t<\/div>\n\t\t\t\t<\/div>\n\t\t<div class=\"elementor-element elementor-element-5d4e3c9 e-con-full e-flex e-con e-child\" data-id=\"5d4e3c9\" data-element_type=\"container\">\n\t\t\t\t<div class=\"elementor-element elementor-element-6adbf0c elementor-widget elementor-widget-bixola_contact_info\" data-id=\"6adbf0c\" data-element_type=\"widget\" data-widget_type=\"bixola_contact_info.default\">\n\t\t\t\t<div class=\"elementor-widget-container\">\n\t\t\t\r\n            <div class=\"information__single\">\r\n                                    <div class=\"information__icon\">\r\n                        <span aria-hidden=\"true\" class=\"icon-phone-call bixola-icons\"><\/span>                    <\/div>\r\n                                \r\n                                    <p class=\"information__text\">T\u00e9l\u00e9phone<\/p>\r\n                                                    <p class=\"information__number\">\r\n                        <a href=\"tel: 2250714333314\">\r\n                            0714333314 <br> 0711000202                        <\/a>\r\n                    <\/p>\r\n                                \r\n                <a href=\"tel: 2250714333314\" target=\"_blank\" rel=\"nofollow\" class=\"bixola-el-button information__btn\">\r\n                    Appeler<span class=\"icon-right-arrow1\"><\/span>\r\n                <\/a>\r\n                \r\n            <\/div>\r\n\r\n        \t\t<\/div>\n\t\t\t\t<\/div>\n\t\t\t\t<\/div>\n\t\t<div class=\"elementor-element elementor-element-3b4f7e9 e-con-full e-flex e-con e-child\" data-id=\"3b4f7e9\" data-element_type=\"container\">\n\t\t\t\t<div class=\"elementor-element elementor-element-f4e448f elementor-widget elementor-widget-bixola_contact_info\" data-id=\"f4e448f\" data-element_type=\"widget\" data-widget_type=\"bixola_contact_info.default\">\n\t\t\t\t<div class=\"elementor-widget-container\">\n\t\t\t\r\n            <div class=\"information__single\">\r\n                                    <div class=\"information__icon\">\r\n                        <span aria-hidden=\"true\" class=\"icon-gmail bixola-icons\"><\/span>                    <\/div>\r\n                                \r\n                                    <p class=\"information__text\">Email<\/p>\r\n                                                    <p class=\"information__number\">\r\n                        info.ci@cisandco.com <br> info@cisandco.com                    <\/p>\r\n                                \r\n                <a href=\"mailto:info.ci@cisandco.com\" target=\"_blank\" rel=\"nofollow\" class=\"bixola-el-button information__btn\">\r\n                    Ecrivez nous<span class=\"icon-right-arrow1\"><\/span>\r\n                <\/a>\r\n                \r\n            <\/div>\r\n\r\n        \t\t<\/div>\n\t\t\t\t<\/div>\n\t\t\t\t<\/div>\n\t\t<div class=\"elementor-element elementor-element-bb5f65b e-con-full e-flex e-con e-child\" data-id=\"bb5f65b\" data-element_type=\"container\">\n\t\t\t\t<div class=\"elementor-element elementor-element-1bbf715 elementor-widget elementor-widget-bixola_contact_info\" data-id=\"1bbf715\" data-element_type=\"widget\" data-widget_type=\"bixola_contact_info.default\">\n\t\t\t\t<div class=\"elementor-widget-container\">\n\t\t\t\r\n            <div class=\"information__single\">\r\n                                    <div class=\"information__icon\">\r\n                        <span aria-hidden=\"true\" class=\"icon-location-2 bixola-icons\"><\/span>                    <\/div>\r\n                                \r\n                                    <p class=\"information__text\">Adresse<\/p>\r\n                                                    <p class=\"information__number\">\r\n                        Cocody Angr\u00e9 Rue L169, 7eme tranche                    <\/p>\r\n                                \r\n                <a href=\"https:\/\/www.google.com\/maps\/embed?pb=!1m17!1m12!1m3!1d580.5722105029887!2d-3.9863454342272298!3d5.38644738852771!2m3!1f0!2f0!3f0!3m2!1i1024!2i768!4f13.1!3m2!1m1!2zNcKwMjMnMTEuNCJOIDPCsDU5JzExLjQiVw!5e1!3m2!1sfr!2sci!4v1730908232082!5m2!1sfr!2sci\" target=\"_blank\" rel=\"nofollow\" class=\"bixola-el-button information__btn\">\r\n                    Directions<span class=\"icon-right-arrow1\"><\/span>\r\n                <\/a>\r\n                \r\n            <\/div>\r\n\r\n        \t\t<\/div>\n\t\t\t\t<\/div>\n\t\t\t\t<\/div>\n\t\t\t\t\t<\/div>\n\t\t\t\t<\/div>\n\t\t<div class=\"elementor-element elementor-element-6b1c7dd e-con-full e-flex e-con e-parent\" data-id=\"6b1c7dd\" data-element_type=\"container\">\n\t\t\t\t<div class=\"elementor-element elementor-element-ef1b380 elementor-widget elementor-widget-bixola_contact_form\" data-id=\"ef1b380\" data-element_type=\"widget\" data-widget_type=\"bixola_contact_form.default\">\n\t\t\t\t<div class=\"elementor-widget-container\">\n\t\t\t\r\n            \r\n                <section class=\"bixola-el-section contact-page\">\r\n                    <div class=\"container\">\r\n                        <div class=\"row\">\r\n                            <div class=\"col-xl-6 col-lg-6\">\r\n                                <div class=\"contact-page__left\">\r\n                                    <h2 class=\"bixola-el-section-title contact-page__title\">Message<\/h2>                                                                            <p class=\"bixola-el-section-description contact-page__sub-title\">\r\n                                            Laissez nous un message\n\n                                        <\/p>\r\n                                                                        <div class=\"contact-page__form-box\">\r\n                                                                                    \n<div class=\"wpcf7 no-js\" id=\"wpcf7-f31-o1\" lang=\"en-US\" dir=\"ltr\">\n<div class=\"screen-reader-response\"><p role=\"status\" aria-live=\"polite\" aria-atomic=\"true\"><\/p> <ul><\/ul><\/div>\n<form action=\"\/wp-json\/wp\/v2\/pages\/40\" method=\"post\" class=\"wpcf7-form init\" aria-label=\"Contact form\" novalidate=\"novalidate\" data-status=\"init\" data-trp-original-action=\"\/en\/wp-json\/wp\/v2\/pages\/40#wpcf7-f31-o1\">\n<div style=\"display: none;\">\n<input type=\"hidden\" name=\"_wpcf7\" value=\"31\" \/>\n<input type=\"hidden\" name=\"_wpcf7_version\" value=\"5.9.8\" \/>\n<input type=\"hidden\" name=\"_wpcf7_locale\" value=\"en_US\" \/>\n<input type=\"hidden\" name=\"_wpcf7_unit_tag\" value=\"wpcf7-f31-o1\" \/>\n<input type=\"hidden\" name=\"_wpcf7_container_post\" value=\"0\" \/>\n<input type=\"hidden\" name=\"_wpcf7_posted_data_hash\" value=\"\" \/>\n<\/div>\n<div class=\"contact-page__form contact-form-validated\">\n    <div class=\"row\">\n        <div class=\"col-xl-12\">\n            <div class=\"contact-page__input-box\">\n                <h3 class=\"contact-page__input-title\">Full Name *<\/h3>\n                <span class=\"wpcf7-form-control-wrap\" data-name=\"your-name\"><input size=\"40\" maxlength=\"400\" class=\"wpcf7-form-control wpcf7-text wpcf7-validates-as-required\" aria-required=\"true\" aria-invalid=\"false\" placeholder=\"John Smith\" value=\"\" type=\"text\" name=\"your-name\" \/><\/span>\n            <\/div>\n        <\/div>\n        <div class=\"col-xl-6\">\n            <div class=\"contact-page__input-box\">\n                <h3 class=\"contact-page__input-title\">Email *<\/h3>\n                <span class=\"wpcf7-form-control-wrap\" data-name=\"your-email\"><input size=\"40\" maxlength=\"400\" class=\"wpcf7-form-control wpcf7-email wpcf7-validates-as-required wpcf7-text wpcf7-validates-as-email\" aria-required=\"true\" aria-invalid=\"false\" placeholder=\"jhon@example.com\" value=\"\" type=\"email\" name=\"your-email\" \/><\/span>\n            <\/div>\n        <\/div>\n        <div class=\"col-xl-6\">\n            <div class=\"contact-page__input-box\">\n                <h3 class=\"contact-page__input-title\">Phone Number *<\/h3>\n                <span class=\"wpcf7-form-control-wrap\" data-name=\"your-tel\"><input size=\"40\" maxlength=\"400\" class=\"wpcf7-form-control wpcf7-tel wpcf7-validates-as-required wpcf7-text wpcf7-validates-as-tel\" aria-required=\"true\" aria-invalid=\"false\" placeholder=\"+1 (00)\" value=\"\" type=\"tel\" name=\"your-tel\" \/><\/span>\n            <\/div>\n        <\/div>\n        <div class=\"col-xl-12\">\n            <div class=\"contact-page__input-box\">\n                <h3 class=\"contact-page__input-title\">subject*<\/h3>\n                <div class=\"contact-page__showing-sort\">\n                    <div class=\"dropdown bootstrap-select\">\n                        <span class=\"wpcf7-form-control-wrap\" data-name=\"select\"><select class=\"wpcf7-form-control wpcf7-select wpcf7-validates-as-required\" aria-required=\"true\" aria-invalid=\"false\" name=\"select\"><option value=\"Select ...\">Select ...<\/option><option value=\"Sort by popular-01\">Sort by popular-01<\/option><option value=\"Sort by popular-02\">Sort by popular-02<\/option><option value=\"Sort by popular-03\">Sort by popular-03<\/option><\/select><\/span>\n                    <\/div>\n                <\/div>\n            <\/div>\n        <\/div>\n        <div class=\"col-xl-12\">\n            <div class=\"contact-page__input-box text-message-box\">\n                <h3 class=\"contact-page__input-title\">Message <span>(Optional)<\/span><\/h3>\n                <span class=\"wpcf7-form-control-wrap\" data-name=\"your-message\"><textarea cols=\"40\" rows=\"10\" maxlength=\"2000\" class=\"wpcf7-form-control wpcf7-textarea wpcf7-validates-as-required\" aria-required=\"true\" aria-invalid=\"false\" placeholder=\"Type here...\" name=\"your-message\"><\/textarea><\/span>\n            <\/div>\n            <div class=\"contact-page__btn-box\">\n                <button type=\"submit\" class=\"thm-btn contact-page__btn\"><span class=\"fas fa-paper-plane\"><\/span>SEND MESSAGE<\/button>\n            <\/div>\n        <\/div>\n    <\/div>\n<\/div><div class=\"wpcf7-response-output\" aria-hidden=\"true\"><\/div>\n<input type=\"hidden\" name=\"trp-form-language\" value=\"en\"\/><\/form>\n<\/div>\n                                                                                <div class=\"result\"><\/div>\r\n                                    <\/div>\r\n                                <\/div>\r\n                            <\/div>\r\n                            <div class=\"col-xl-6 col-lg-6\">\r\n                                <div class=\"contact-page__right\">\r\n                                    <iframe src=\"https:\/\/www.google.com\/maps\/embed?pb=!1m17!1m12!1m3!1d580.5722105029887!2d-3.9863454342272298!3d5.38644738852771!2m3!1f0!2f0!3f0!3m2!1i1024!2i768!4f13.1!3m2!1m1!2zNcKwMjMnMTEuNCJOIDPCsDU5JzExLjQiVw!5e1!3m2!1sfr!2sci!4v1730908232082!5m2!1sfr!2sci\" class=\"google-map__one\" allowfullscreen=\"\"><\/iframe>\r\n                                <\/div>\r\n                            <\/div>\r\n                        <\/div>\r\n                    <\/div>\r\n                <\/section>\r\n\r\n            \r\n        \t\t<\/div>\n\t\t\t\t<\/div>\n\t\t\t\t<\/div>\n\t\t\t\t<\/div>","protected":false},"excerpt":{"rendered":"<p>Live Chat Disponible 24h\/24 &#8211; 7j\/7 T\u00e9l\u00e9phone 0714333314 0711000202 Appeler Email info.ci@cisandco.com info@cisandco.com Ecrivez nous Adresse Cocody Angr\u00e9 Rue L169, 7eme tranche Directions Message Laissez nous un message Full Name * Email * Phone Number * subject* Select &#8230;Sort by popular-01Sort by popular-02Sort by popular-03 Message (Optional) SEND MESSAGE<\/p>","protected":false},"author":1,"featured_media":0,"parent":0,"menu_order":0,"comment_status":"closed","ping_status":"closed","template":"elementor_header_footer","meta":{"footnotes":""},"class_list":["post-40","page","type-page","status-publish","hentry"],"_links":{"self":[{"href":"https:\/\/www.cisandco.be\/en\/wp-json\/wp\/v2\/pages\/40","targetHints":{"allow":["GET"]}}],"collection":[{"href":"https:\/\/www.cisandco.be\/en\/wp-json\/wp\/v2\/pages"}],"about":[{"href":"https:\/\/www.cisandco.be\/en\/wp-json\/wp\/v2\/types\/page"}],"author":[{"embeddable":true,"href":"https:\/\/www.cisandco.be\/en\/wp-json\/wp\/v2\/users\/1"}],"replies":[{"embeddable":true,"href":"https:\/\/www.cisandco.be\/en\/wp-json\/wp\/v2\/comments?post=40"}],"version-history":[{"count":33,"href":"https:\/\/www.cisandco.be\/en\/wp-json\/wp\/v2\/pages\/40\/revisions"}],"predecessor-version":[{"id":1662,"href":"https:\/\/www.cisandco.be\/en\/wp-json\/wp\/v2\/pages\/40\/revisions\/1662"}],"wp:attachment":[{"href":"https:\/\/www.cisandco.be\/en\/wp-json\/wp\/v2\/media?parent=40"}],"curies":[{"name":"wp","href":"https:\/\/api.w.org\/{rel}","templated":true}]}}